{"id":1980,"date":"2025-01-09T08:12:22","date_gmt":"2025-01-09T08:12:22","guid":{"rendered":"https:\/\/autosmart.co.uk\/franchise\/enquiry\/"},"modified":"2025-02-16T15:09:34","modified_gmt":"2025-02-16T15:09:34","slug":"renseignez-vous-maintenant","status":"publish","type":"page","link":"https:\/\/autosmart.fr\/franchise\/renseignez-vous-maintenant\/","title":{"rendered":"RENSEIGNEZ-VOUS MAINTENANT"},"content":{"rendered":"\t\t<div data-elementor-type=\"wp-page\" data-elementor-id=\"1980\" class=\"elementor elementor-1980\" data-elementor-post-type=\"page\">\n\t\t\t\t\t\t<section class=\"elementor-section elementor-top-section elementor-element elementor-element-d0ee138 elementor-section-boxed elementor-section-height-default elementor-section-height-default wpr-particle-no wpr-jarallax-no wpr-parallax-no wpr-sticky-section-no\" data-id=\"d0ee138\" data-element_type=\"section\" data-e-type=\"section\" data-settings=\"{&quot;background_background&quot;:&quot;classic&quot;}\">\n\t\t\t\t\t\t<div class=\"elementor-container elementor-column-gap-wide\">\n\t\t\t\t\t<div class=\"elementor-column elementor-col-50 elementor-top-column elementor-element elementor-element-4d47050\" data-id=\"4d47050\" data-element_type=\"column\" data-e-type=\"column\">\n\t\t\t<div class=\"elementor-widget-wrap elementor-element-populated\">\n\t\t\t\t\t\t<div class=\"elementor-element elementor-element-56f4354 elementor-widget elementor-widget-image\" data-id=\"56f4354\" data-element_type=\"widget\" data-e-type=\"widget\" data-widget_type=\"image.default\">\n\t\t\t\t<div class=\"elementor-widget-container\">\n\t\t\t\t\t\t\t\t\t\t\t\t\t\t\t<img fetchpriority=\"high\" decoding=\"async\" width=\"1024\" height=\"406\" src=\"https:\/\/autosmart.fr\/franchise\/wp-content\/uploads\/2025\/01\/Territory-Page-Image-1-1024x406.jpg\" class=\"attachment-large size-large wp-image-923\" alt=\"\" srcset=\"https:\/\/autosmart.fr\/franchise\/wp-content\/uploads\/2025\/01\/Territory-Page-Image-1-1024x406.jpg 1024w, https:\/\/autosmart.fr\/franchise\/wp-content\/uploads\/2025\/01\/Territory-Page-Image-1-300x119.jpg 300w, https:\/\/autosmart.fr\/franchise\/wp-content\/uploads\/2025\/01\/Territory-Page-Image-1-768x305.jpg 768w, https:\/\/autosmart.fr\/franchise\/wp-content\/uploads\/2025\/01\/Territory-Page-Image-1-1536x610.jpg 1536w, https:\/\/autosmart.fr\/franchise\/wp-content\/uploads\/2025\/01\/Territory-Page-Image-1-2048x813.jpg 2048w\" sizes=\"(max-width: 1024px) 100vw, 1024px\" \/>\t\t\t\t\t\t\t\t\t\t\t\t\t\t\t<\/div>\n\t\t\t\t<\/div>\n\t\t\t\t<div class=\"elementor-element elementor-element-5550ca9 elementor-widget elementor-widget-heading\" data-id=\"5550ca9\" data-element_type=\"widget\" data-e-type=\"widget\" data-widget_type=\"heading.default\">\n\t\t\t\t<div class=\"elementor-widget-container\">\n\t\t\t\t\t<h2 class=\"elementor-heading-title elementor-size-default\">LES OPPORTUNIT\u00c9S AUTOSMART<\/h2>\t\t\t\t<\/div>\n\t\t\t\t<\/div>\n\t\t\t\t<div class=\"elementor-element elementor-element-bd03b83 no_location_get_section elementor-widget elementor-widget-heading\" data-id=\"bd03b83\" data-element_type=\"widget\" data-e-type=\"widget\" data-widget_type=\"heading.default\">\n\t\t\t\t<div class=\"elementor-widget-container\">\n\t\t\t\t\t<p class=\"elementor-heading-title elementor-size-default\">Les opportunit\u00e9s de franchise Autosmart offrent une chance exceptionnelle de d\u00e9velopper une entreprise prosp\u00e8re dans un territoire exclusif.<br>\n<br>\n\nSi vous \u00eates int\u00e9ress\u00e9 par cette opportunit\u00e9 et souhaitez connaitre les territoires disponibles pr\u00e8s de chez vous, faites-le nous savoir en soumettant vos coordonn\u00e9es.\nNous prendrons contact avec vous pour r\u00e9pondre \u00e0 vos questions et discuter des prochaines \u00e9tapes.<\/p>\t\t\t\t<\/div>\n\t\t\t\t<\/div>\n\t\t\t\t<div class=\"elementor-element elementor-element-262b0c0 has_location_section elementor-widget elementor-widget-heading\" data-id=\"262b0c0\" data-element_type=\"widget\" data-e-type=\"widget\" data-widget_type=\"heading.default\">\n\t\t\t\t<div class=\"elementor-widget-container\">\n\t\t\t\t\t<p class=\"elementor-heading-title elementor-size-default\">Une opportunit\u00e9 locale \u00e0 saisir<br>\n<br>\nProfitez de cette opportunit\u00e9 locale et cr\u00e9er une franchise Autosmart prosp\u00e8re dans un territoire , exclusif encore disponible.<br>\n<br>\nSi vous \u00eates pr\u00eats \u00e0 saisir cette opportunit\u00e9, n\u2019h\u00e9sitez pas \u00e0 nous transmettre vos coordonn\u00e9es en remplissant le formulaire ci-dessous. Notre \u00e9quipe vous contactera rapidement pour \u00e9changer sur les prochaines \u00e9tapes et r\u00e9pondre \u00e0 toutes vos questions.<\/p>\t\t\t\t<\/div>\n\t\t\t\t<\/div>\n\t\t\t\t\t<\/div>\n\t\t<\/div>\n\t\t\t\t<div class=\"elementor-column elementor-col-50 elementor-top-column elementor-element elementor-element-a773214\" data-id=\"a773214\" data-element_type=\"column\" data-e-type=\"column\">\n\t\t\t<div class=\"elementor-widget-wrap elementor-element-populated\">\n\t\t\t\t\t\t<div class=\"elementor-element elementor-element-2bb8eba elementor-widget elementor-widget-shortcode\" data-id=\"2bb8eba\" data-element_type=\"widget\" data-e-type=\"widget\" data-widget_type=\"shortcode.default\">\n\t\t\t\t<div class=\"elementor-widget-container\">\n\t\t\t\t\t\t\t<div class=\"elementor-shortcode\">\n<div class=\"wpcf7 no-js\" id=\"wpcf7-f1974-o1\" lang=\"fr-FR\" dir=\"ltr\" data-wpcf7-id=\"1974\">\n<div class=\"screen-reader-response\"><p role=\"status\" aria-live=\"polite\" aria-atomic=\"true\"><\/p> <ul><\/ul><\/div>\n<form action=\"\/franchise\/wp-json\/wp\/v2\/pages\/1980#wpcf7-f1974-o1\" method=\"post\" class=\"wpcf7-form init\" aria-label=\"Formulaire de contact\" novalidate=\"novalidate\" data-status=\"init\">\n<fieldset class=\"hidden-fields-container\"><input type=\"hidden\" name=\"_wpcf7\" value=\"1974\" \/><input type=\"hidden\" name=\"_wpcf7_version\" value=\"6.1.5\" \/><input type=\"hidden\" name=\"_wpcf7_locale\" value=\"fr_FR\" \/><input type=\"hidden\" name=\"_wpcf7_unit_tag\" value=\"wpcf7-f1974-o1\" \/><input type=\"hidden\" name=\"_wpcf7_container_post\" value=\"0\" \/><input type=\"hidden\" name=\"_wpcf7_posted_data_hash\" value=\"\" \/>\n<\/fieldset>\n<p><label> Nom *<br \/>\n<span class=\"wpcf7-form-control-wrap\" data-name=\"your-name\"><input size=\"40\" maxlength=\"400\" class=\"wpcf7-form-control wpcf7-text wpcf7-validates-as-required form-control\" aria-required=\"true\" aria-invalid=\"false\" value=\"\" type=\"text\" name=\"your-name\" \/><\/span><br \/>\n<\/label><label> Email *<br \/>\n<span class=\"wpcf7-form-control-wrap\" data-name=\"your-email\"><input size=\"40\" maxlength=\"400\" class=\"wpcf7-form-control wpcf7-email wpcf7-validates-as-required wpcf7-text wpcf7-validates-as-email form-control\" aria-required=\"true\" aria-invalid=\"false\" value=\"\" type=\"email\" name=\"your-email\" \/><\/span><br \/>\n<\/label><label> Num\u00e9ro de t\u00e9l\u00e9phone *<br \/>\n<span class=\"wpcf7-form-control-wrap\" data-name=\"your-phone\"><input size=\"40\" maxlength=\"400\" class=\"wpcf7-form-control wpcf7-tel wpcf7-validates-as-required wpcf7-text wpcf7-validates-as-tel form-control\" aria-required=\"true\" aria-invalid=\"false\" value=\"\" type=\"tel\" name=\"your-phone\" \/><\/span><br \/>\n<\/label><label> Zone *<br \/>\n<span class=\"wpcf7-form-control-wrap\" data-name=\"location\"><select class=\"wpcf7-form-control wpcf7-select wpcf7-validates-as-required form-control\" aria-required=\"true\" aria-invalid=\"false\" name=\"location\"><option value=\"choisir une r\u00e9gion\">choisir une r\u00e9gion<\/option><option value=\"BRETAGNE\">BRETAGNE<\/option><option value=\"NORMANDIE\">NORMANDIE<\/option><option value=\"HAUTS-DE-FRANCE\">HAUTS-DE-FRANCE<\/option><option value=\"PAYS-DE-LA-LOIRE\">PAYS-DE-LA-LOIRE<\/option><option value=\"CENTRE-VAL-DE-LOIRE\">CENTRE-VAL-DE-LOIRE<\/option><option value=\"ILE-DE-FRANCE\">ILE-DE-FRANCE<\/option><option value=\"GRAND-EST\">GRAND-EST<\/option><option value=\"NOUVELLE-AQUITAINE\">NOUVELLE-AQUITAINE<\/option><option value=\"BOURGOGNE-FRANCHE-COMT\u00c9\">BOURGOGNE-FRANCHE-COMT\u00c9<\/option><option value=\"AUVERGNE-RH\u00d4NE-ALPES\">AUVERGNE-RH\u00d4NE-ALPES<\/option><option value=\"OCCITANIE\">OCCITANIE<\/option><option value=\"PROVENCE-ALPES-C\u00d4TES D&#039;AZUR\">PROVENCE-ALPES-C\u00d4TES D&#039;AZUR<\/option><\/select><\/span><br \/>\n<\/label><label> Code postal *<br \/>\n<span class=\"wpcf7-form-control-wrap\" data-name=\"your-postcode\"><input size=\"40\" maxlength=\"400\" class=\"wpcf7-form-control wpcf7-text wpcf7-validates-as-required form-control\" aria-required=\"true\" aria-invalid=\"false\" value=\"\" type=\"text\" name=\"your-postcode\" \/><\/span><br \/>\n<\/label><label> Profession actuelle<br \/>\n<span class=\"wpcf7-form-control-wrap\" data-name=\"your-profession\"><input size=\"40\" maxlength=\"400\" class=\"wpcf7-form-control wpcf7-text form-control\" aria-invalid=\"false\" value=\"\" type=\"text\" name=\"your-profession\" \/><\/span><br \/>\n<\/label><label> Comment avez-vous entendu parler d\u2019Autosmart ? *<br \/>\n<span class=\"wpcf7-form-control-wrap\" data-name=\"hear-about\"><input size=\"40\" maxlength=\"400\" class=\"wpcf7-form-control wpcf7-text wpcf7-validates-as-required form-control\" aria-required=\"true\" aria-invalid=\"false\" value=\"\" type=\"text\" name=\"hear-about\" \/><\/span><br \/>\n<\/label><label> Commentaire en amont de notre \u00e9change ?<br \/>\n<span class=\"wpcf7-form-control-wrap\" data-name=\"your-message\"><textarea cols=\"40\" rows=\"10\" maxlength=\"2000\" class=\"wpcf7-form-control wpcf7-textarea form-control\" aria-invalid=\"false\" name=\"your-message\"><\/textarea><\/span><br \/>\n<\/label><input class=\"wpcf7-form-control wpcf7-submit has-spinner submit-button\" type=\"submit\" value=\"Soumettre\" \/>\n<\/p><div class=\"wpcf7-response-output\" aria-hidden=\"true\"><\/div>\n<\/form>\n<\/div>\n<\/div>\n\t\t\t\t\t\t<\/div>\n\t\t\t\t<\/div>\n\t\t\t\t\t<\/div>\n\t\t<\/div>\n\t\t\t\t\t<\/div>\n\t\t<\/section>\n\t\t\t\t<\/div>\n\t\t","protected":false},"excerpt":{"rendered":"<p>LES OPPORTUNIT\u00c9S AUTOSMART Les opportunit\u00e9s de franchise Autosmart offrent une chance exceptionnelle de d\u00e9velopper une entreprise prosp\u00e8re dans un territoire exclusif. Si vous \u00eates int\u00e9ress\u00e9 par cette opportunit\u00e9 et souhaitez connaitre les territoires disponibles pr\u00e8s de chez vous, faites-le nous savoir en soumettant vos coordonn\u00e9es. Nous prendrons contact avec vous pour r\u00e9pondre \u00e0 vos questions et discuter des prochaines \u00e9tapes. Une opportunit\u00e9 locale \u00e0 saisir Profitez de cette opportunit\u00e9 locale et cr\u00e9er une franchise Autosmart prosp\u00e8re dans un territoire , exclusif encore disponible. Si vous \u00eates pr\u00eats \u00e0 saisir cette opportunit\u00e9, n\u2019h\u00e9sitez pas \u00e0 nous transmettre vos coordonn\u00e9es en remplissant le formulaire ci-dessous. Notre \u00e9quipe vous contactera rapidement pour \u00e9changer sur les prochaines \u00e9tapes et r\u00e9pondre \u00e0 toutes vos questions.<\/p>\n","protected":false},"author":1,"featured_media":0,"parent":0,"menu_order":0,"comment_status":"closed","ping_status":"closed","template":"elementor_canvas","meta":{"site-sidebar-layout":"no-sidebar","site-content-layout":"","ast-site-content-layout":"full-width-container","site-content-style":"default","site-sidebar-style":"default","ast-global-header-display":"","ast-banner-title-visibility":"","ast-main-header-display":"","ast-hfb-above-header-display":"","ast-hfb-below-header-display":"","ast-hfb-mobile-header-display":"","site-post-title":"disabled","ast-breadcrumbs-content":"","ast-featured-img":"disabled","footer-sml-layout":"","ast-disable-related-posts":"","theme-transparent-header-meta":"","adv-header-id-meta":"","stick-header-meta":"","header-above-stick-meta":"","header-main-stick-meta":"","header-below-stick-meta":"","astra-migrate-meta-layouts":"default","ast-page-background-enabled":"default","ast-page-background-meta":{"desktop":{"background-color":"var(--ast-global-color-4)","background-image":"","background-repeat":"repeat","background-position":"center center","background-size":"auto","background-attachment":"scroll","background-type":"","background-media":"","overlay-type":"","overlay-color":"","overlay-opacity":"","overlay-gradient":""},"tablet":{"background-color":"","background-image":"","background-repeat":"repeat","background-position":"center center","background-size":"auto","background-attachment":"scroll","background-type":"","background-media":"","overlay-type":"","overlay-color":"","overlay-opacity":"","overlay-gradient":""},"mobile":{"background-color":"","background-image":"","background-repeat":"repeat","background-position":"center center","background-size":"auto","background-attachment":"scroll","background-type":"","background-media":"","overlay-type":"","overlay-color":"","overlay-opacity":"","overlay-gradient":""}},"ast-content-background-meta":{"desktop":{"background-color":"var(--ast-global-color-5)","background-image":"","background-repeat":"repeat","background-position":"center center","background-size":"auto","background-attachment":"scroll","background-type":"","background-media":"","overlay-type":"","overlay-color":"","overlay-opacity":"","overlay-gradient":""},"tablet":{"background-color":"var(--ast-global-color-5)","background-image":"","background-repeat":"repeat","background-position":"center center","background-size":"auto","background-attachment":"scroll","background-type":"","background-media":"","overlay-type":"","overlay-color":"","overlay-opacity":"","overlay-gradient":""},"mobile":{"background-color":"var(--ast-global-color-5)","background-image":"","background-repeat":"repeat","background-position":"center center","background-size":"auto","background-attachment":"scroll","background-type":"","background-media":"","overlay-type":"","overlay-color":"","overlay-opacity":"","overlay-gradient":""}},"footnotes":""},"class_list":["post-1980","page","type-page","status-publish","hentry"],"_links":{"self":[{"href":"https:\/\/autosmart.fr\/franchise\/wp-json\/wp\/v2\/pages\/1980","targetHints":{"allow":["GET"]}}],"collection":[{"href":"https:\/\/autosmart.fr\/franchise\/wp-json\/wp\/v2\/pages"}],"about":[{"href":"https:\/\/autosmart.fr\/franchise\/wp-json\/wp\/v2\/types\/page"}],"author":[{"embeddable":true,"href":"https:\/\/autosmart.fr\/franchise\/wp-json\/wp\/v2\/users\/1"}],"replies":[{"embeddable":true,"href":"https:\/\/autosmart.fr\/franchise\/wp-json\/wp\/v2\/comments?post=1980"}],"version-history":[{"count":38,"href":"https:\/\/autosmart.fr\/franchise\/wp-json\/wp\/v2\/pages\/1980\/revisions"}],"predecessor-version":[{"id":2531,"href":"https:\/\/autosmart.fr\/franchise\/wp-json\/wp\/v2\/pages\/1980\/revisions\/2531"}],"wp:attachment":[{"href":"https:\/\/autosmart.fr\/franchise\/wp-json\/wp\/v2\/media?parent=1980"}],"curies":[{"name":"wp","href":"https:\/\/api.w.org\/{rel}","templated":true}]}}